{"id":5594,"date":"2025-04-10T00:14:13","date_gmt":"2025-04-09T22:14:13","guid":{"rendered":"https:\/\/kristophebillot.com\/?page_id=5594"},"modified":"2025-04-10T00:20:40","modified_gmt":"2025-04-09T22:20:40","slug":"medias","status":"publish","type":"page","link":"https:\/\/kristophebillot.com\/en\/medias\/","title":{"rendered":"Media"},"content":{"rendered":"<div data-elementor-type=\"wp-page\" data-elementor-id=\"5594\" class=\"elementor elementor-5594\">\n\t\t\t\t        <section class=\"elementor-section elementor-top-section elementor-element elementor-element-7691ca4 elementor-section-boxed elementor-section-height-default elementor-section-height-default pxl-row-scroll-none pxl-zoom-point-false pxl-section-overflow-visible pxl-section-fix-none pxl-bg-color-none pxl-section-overlay-none\" data-id=\"7691ca4\" data-element_type=\"section\">\n\n                \n                <div class=\"elementor-container elementor-column-gap-default\">\n                <div class=\"elementor-column elementor-col-100 elementor-top-column elementor-element elementor-element-828fc7e pxl-column-none pxl-column-overflow-hidden-no\" data-id=\"828fc7e\" data-element_type=\"column\">\r\n        <div class=\"elementor-widget-wrap elementor-element-populated\">\r\n                     \r\n        \t\t<div class=\"elementor-element elementor-element-edcbc7a elementor-widget elementor-widget-heading\" data-id=\"edcbc7a\" data-element_type=\"widget\" data-widget_type=\"heading.default\">\n\t\t\t\t<div class=\"elementor-widget-container\">\n\t\t\t\t\t<h2 class=\"elementor-heading-title elementor-size-default\">3 Hour Tibetan Singing Bowl Music to Purify Negative Energies<\/h2>\t\t\t\t<\/div>\n\t\t\t\t<\/div>\n\t\t            <\/div>\r\n        <\/div>\r\n        \t\t\t<\/div>\n\t\t<\/section>\n\t\t        <section class=\"elementor-section elementor-top-section elementor-element elementor-element-158985a elementor-section-boxed elementor-section-height-default elementor-section-height-default pxl-row-scroll-none pxl-zoom-point-false pxl-section-overflow-visible pxl-section-fix-none pxl-bg-color-none pxl-section-overlay-none\" data-id=\"158985a\" data-element_type=\"section\">\n\n                \n                <div class=\"elementor-container elementor-column-gap-default\">\n                <div class=\"elementor-column elementor-col-50 elementor-top-column elementor-element elementor-element-c847976 pxl-column-none pxl-column-overflow-hidden-no\" data-id=\"c847976\" data-element_type=\"column\">\r\n        <div class=\"elementor-widget-wrap elementor-element-populated\">\r\n                     \r\n        \t\t<div class=\"elementor-element elementor-element-351aa9c elementor-widget elementor-widget-text-editor\" data-id=\"351aa9c\" data-element_type=\"widget\" data-widget_type=\"text-editor.default\">\n\t\t\t\t<div class=\"elementor-widget-container\">\n\t\t\t\t\t\t\t\t\t<p class=\"\" data-start=\"154\" data-end=\"741\">There are various ancient equipment and techniques that are still used and practiced in the world today, as these techniques have proven beneficial to humanity. Tibetan singing bowl techniques are one of these ancient methods practiced in healing and meditation processes. Certain types of sounds and music have a positive impact on our brain cells, causing changes in brain waves. Similarly, the vibrating sound of the singing bowl is used as an authentic means for meditation and chakra healing.<\/p><p class=\"\" data-start=\"743\" data-end=\"1395\">Typically made from a bronze alloy containing copper, tin, zinc, iron, silver, gold, and nickel, the Tibetan singing bowl is a type of raised bell that is played by rubbing or striking its rim with a wooden or leather-wrapped mallet. This causes the sides and rim of the bowl to vibrate, producing a rich sound that is beneficial for healing and meditation processes. Authentically, singing bowls have an inherent connection to Asia, and historically, singing bowls were made throughout Asia, particularly in Nepal, Tibet, China, India, and Japan.<\/p>\t\t\t\t\t\t\t\t<\/div>\n\t\t\t\t<\/div>\n\t\t            <\/div>\r\n        <\/div>\r\n                <div class=\"elementor-column elementor-col-50 elementor-top-column elementor-element elementor-element-bde5be8 pxl-column-none pxl-column-overflow-hidden-no\" data-id=\"bde5be8\" data-element_type=\"column\">\r\n        <div class=\"elementor-widget-wrap elementor-element-populated\">\r\n                     \r\n        \t\t<div class=\"elementor-element elementor-element-9e6c17f elementor-widget elementor-widget-video\" data-id=\"9e6c17f\" data-element_type=\"widget\" data-settings=\"{&quot;youtube_url&quot;:&quot;https:\\\/\\\/youtu.be\\\/Ee7Sz1FctCI?si=n9y1H2-N-WZekjJ4&quot;,&quot;autoplay&quot;:&quot;yes&quot;,&quot;play_on_mobile&quot;:&quot;yes&quot;,&quot;loop&quot;:&quot;yes&quot;,&quot;video_type&quot;:&quot;youtube&quot;,&quot;controls&quot;:&quot;yes&quot;}\" data-widget_type=\"video.default\">\n\t\t\t\t<div class=\"elementor-widget-container\">\n\t\t\t\t\t\t\t<div class=\"elementor-wrapper elementor-open-inline\">\n\t\t\t<div class=\"elementor-video\"><\/div>\t\t<\/div>\n\t\t\t\t\t\t<\/div>\n\t\t\t\t<\/div>\n\t\t            <\/div>\r\n        <\/div>\r\n        \t\t\t<\/div>\n\t\t<\/section>\n\t\t\t\t<\/div>","protected":false},"excerpt":{"rendered":"<p>Musique de bol chantant tib\u00e9tain de 3 heures pour purifier les \u00e9nergies n\u00e9gatives Il existe divers \u00e9quipements et techniques anciens qui sont encore utilis\u00e9s et pratiqu\u00e9s dans le monde actuel, car ces techniques se sont r\u00e9v\u00e9l\u00e9es b\u00e9n\u00e9fiques pour l&#8217;humanit\u00e9. Les techniques des bols chantants tib\u00e9tains font partie de ces anciennes m\u00e9thodes pratiqu\u00e9es dans les processus [&hellip;]<\/p>","protected":false},"author":1,"featured_media":5361,"parent":0,"menu_order":0,"comment_status":"closed","ping_status":"closed","template":"","meta":{"inline_featured_image":false,"footnotes":""},"class_list":["post-5594","page","type-page","status-publish","has-post-thumbnail","hentry"],"_links":{"self":[{"href":"https:\/\/kristophebillot.com\/en\/wp-json\/wp\/v2\/pages\/5594","targetHints":{"allow":["GET"]}}],"collection":[{"href":"https:\/\/kristophebillot.com\/en\/wp-json\/wp\/v2\/pages"}],"about":[{"href":"https:\/\/kristophebillot.com\/en\/wp-json\/wp\/v2\/types\/page"}],"author":[{"embeddable":true,"href":"https:\/\/kristophebillot.com\/en\/wp-json\/wp\/v2\/users\/1"}],"replies":[{"embeddable":true,"href":"https:\/\/kristophebillot.com\/en\/wp-json\/wp\/v2\/comments?post=5594"}],"version-history":[{"count":16,"href":"https:\/\/kristophebillot.com\/en\/wp-json\/wp\/v2\/pages\/5594\/revisions"}],"predecessor-version":[{"id":5611,"href":"https:\/\/kristophebillot.com\/en\/wp-json\/wp\/v2\/pages\/5594\/revisions\/5611"}],"wp:featuredmedia":[{"embeddable":true,"href":"https:\/\/kristophebillot.com\/en\/wp-json\/wp\/v2\/media\/5361"}],"wp:attachment":[{"href":"https:\/\/kristophebillot.com\/en\/wp-json\/wp\/v2\/media?parent=5594"}],"curies":[{"name":"wp","href":"https:\/\/api.w.org\/{rel}","templated":true}]}}